{"id":13,"date":"2023-11-04T19:16:56","date_gmt":"2023-11-04T18:16:56","guid":{"rendered":"https:\/\/notre-force-coaching.fr\/?page_id=13"},"modified":"2025-04-19T13:03:52","modified_gmt":"2025-04-19T11:03:52","slug":"a-propos","status":"publish","type":"page","link":"https:\/\/notre-force-coaching.fr\/index.php\/a-propos\/","title":{"rendered":"\u00c0 propos"},"content":{"rendered":"\t\t<div data-elementor-type=\"wp-page\" data-elementor-id=\"13\" class=\"elementor elementor-13\">\n\t\t\t\t<div class=\"elementor-element elementor-element-5dfc4289 e-con-full e-flex e-con e-parent\" data-id=\"5dfc4289\" data-element_type=\"container\" data-e-type=\"container\">\n\t\t\t\t<div class=\"elementor-element elementor-element-eed37c5 elementor-widget elementor-widget-heading\" data-id=\"eed37c5\" data-element_type=\"widget\" data-e-type=\"widget\" data-widget_type=\"heading.default\">\n\t\t\t\t<div class=\"elementor-widget-container\">\n\t\t\t\t\t<h1 class=\"elementor-heading-title elementor-size-default\">Votre coach<\/h1>\t\t\t\t<\/div>\n\t\t\t\t<\/div>\n\t\t\t\t<div class=\"elementor-element elementor-element-42a571ee elementor-widget elementor-widget-text-editor\" data-id=\"42a571ee\" data-element_type=\"widget\" data-e-type=\"widget\" data-widget_type=\"text-editor.default\">\n\t\t\t\t<div class=\"elementor-widget-container\">\n\t\t\t\t\t\t\t\t\t<p>Enchant\u00e9, je m\u2019appelle E\u00f4dez Patys, j\u2019utilise le masculin pour parler de moi et je change souvent de couleur de cheveux ! J\u2019aime les \u00eatres vivants, le chant, la danse, la com\u00e9die musicale, la peinture, les balades, les lacs, les \u00e9toiles et encore tout plein de choses qui existent. <br \/>Je consid\u00e8re qu\u2019aider et accompagner des personnes humaines et non-humaines en difficult\u00e9 est mon projet de vie. J\u2019ai mis du temps \u00e0 le comprendre, le chemin n\u2019a pas \u00e9t\u00e9 lisse et maintenant je suis tr\u00e8s heureux de tous les d\u00e9tours emprunt\u00e9s qui m\u2019ont amen\u00e9 ici.<\/p>\n<p>J\u2019ai commenc\u00e9 \u00e0 m\u2019occuper de jeunes \u00eatres humains d\u00e8s mes 16 ans et ce, pendant 5 ans.<br \/>Apr\u00e8s le bac, j\u2019ai commenc\u00e9 une licence arts plastiques interrompue par une d\u00e9pression majeure.<br \/>Puis, les animaux m\u2019ont aid\u00e9 en me laissant prendre soin d\u2019elleux. L\u00e0 a commenc\u00e9 le d\u00e9but de mon alignement. Gr\u00e2ce au petsitting, je me suis rendu compte que je voulais avoir un impact pour am\u00e9liorer la cohabitation avec leurs humain\u00b7es, que j\u2019observais parfois compliqu\u00e9e. <br \/>J\u2019ai alors pass\u00e9 et obtenu l\u2019ACACED (Attestation de Connaissances pour les Animaux de Compagnie d\u2019Esp\u00e8ces Domestiques) puis je me suis lanc\u00e9 dans la formation du Brevet Professionnel Educateur Canin, que j\u2019ai ensuite compl\u00e9t\u00e9e avec le suivi du Dipl\u00f4me Universitaire Animaux et Soci\u00e9t\u00e9 (\u00e0 Rennes 2, je le conseille tr\u00e8s fort). <br \/>Tout cela f\u00fbt tr\u00e8s intense. J\u2019ai acquis plein de connaissances, \u00e9largi mes perspectives, pr\u00e9cis\u00e9 mes r\u00e9flexions. Etant donn\u00e9 que depuis ma d\u00e9pression majeure je prends grand soin de ma sant\u00e9 mentale avec l\u2019aide de professionnel\u00b7les, mes propres objectifs pro \u00e9taient eux-m\u00eames port\u00e9s vers le respect de soi et de l\u2019autre. <br \/>Tout cela m\u2019a amen\u00e9 \u00e0 cette r\u00e9v\u00e9lation : proposer diff\u00e9rents accompagnements via le coaching. J\u2019ai alors commenc\u00e9 la formation de coach de vie du CERFPA.<br \/>Et c\u2019est ainsi qu\u2019est n\u00e9e Notre Force &#8211; Coaching !<\/p>\t\t\t\t\t\t\t\t<\/div>\n\t\t\t\t<\/div>\n\t\t\t\t<div class=\"elementor-element elementor-element-44cef42 elementor-widget__width-inherit elementor-widget elementor-widget-heading\" data-id=\"44cef42\" data-element_type=\"widget\" data-e-type=\"widget\" data-widget_type=\"heading.default\">\n\t\t\t\t<div class=\"elementor-widget-container\">\n\t\t\t\t\t<h1 class=\"elementor-heading-title elementor-size-default\">Mon coaching<\/h1>\t\t\t\t<\/div>\n\t\t\t\t<\/div>\n\t\t\t\t<div class=\"elementor-element elementor-element-813ce99 elementor-widget elementor-widget-text-editor\" data-id=\"813ce99\" data-element_type=\"widget\" data-e-type=\"widget\" data-widget_type=\"text-editor.default\">\n\t\t\t\t<div class=\"elementor-widget-container\">\n\t\t\t\t\t\t\t\t\t<p>Je suis un \u00eatre de feu, celui qui met en action et accompagne l\u2019autre dans son mouvement. Je veux que vous ressentiez ce feu int\u00e9rieur qui symbolise la confiance et l\u2019estime de soi. Je veux vous aider \u00e0 vous trouver, \u00e0 vous respecter malgr\u00e9 les \u00e9preuves et les changements.<br \/>La connexion \u00e0 soi et \u00e0 l\u2019autre est fondamentale \u00e0 mon sens et telle est ma base pour vous aider \u00e0 accomplir vos objectifs. <br \/>Pour cela, je vous propose un travail d\u2019\u00e9quipe : vous \u00eates acteur\u00b7ice dans cette collaboration, vos objectifs vous appartiennent et leur r\u00e9alisation \u00e9galement. Ma partie est de vous donner les outils n\u00e9cessaires pour y parvenir. Je serai donc transparent dans toutes les mises en place possibles.<\/p>\t\t\t\t\t\t\t\t<\/div>\n\t\t\t\t<\/div>\n\t\t\t\t<div class=\"elementor-element elementor-element-4e62c04 elementor-widget__width-inherit elementor-widget elementor-widget-heading\" data-id=\"4e62c04\" data-element_type=\"widget\" data-e-type=\"widget\" data-widget_type=\"heading.default\">\n\t\t\t\t<div class=\"elementor-widget-container\">\n\t\t\t\t\t<h1 class=\"elementor-heading-title elementor-size-default\">Projet de refuge collectif : int\u00e9ress\u00e9\u00b7e ?<\/h1>\t\t\t\t<\/div>\n\t\t\t\t<\/div>\n\t\t\t\t<div class=\"elementor-element elementor-element-efc5adc elementor-widget elementor-widget-text-editor\" data-id=\"efc5adc\" data-element_type=\"widget\" data-e-type=\"widget\" data-widget_type=\"text-editor.default\">\n\t\t\t\t<div class=\"elementor-widget-container\">\n\t\t\t\t\t\t\t\t\t<p>Plus tard, je souhaite \u00e9tendre mon activit\u00e9 avec la cr\u00e9ation d\u2019un refuge pour personnes queer et animaux en difficult\u00e9. Il s\u2019agit d\u2019un projet communautaire o\u00f9 le soin et l\u2019entraide inter esp\u00e8ces sont les moteurs.<\/p>\n<p>L\u2019id\u00e9e est d\u2019acheter une maison\/villa\/autre dans laquelle il y aurait deux parties :<\/p>\n<ul>\n<li>le lieu d\u2019habitation partag\u00e9 par les personnes impliqu\u00e9es dans le projet, (peut-\u00eatre toi ?),<\/li>\n<li>le lieu d\u2019h\u00e9bergement gratuit.<\/li>\n<\/ul>\n<p>Dans cet espace, il y aura un potager, des animaux (adoptables) et j\u2019esp\u00e8re une possibilit\u00e9 d\u2019accueil pour des performances artistiques, ateliers etc.<\/p>\n<p>Je souhaiterai donc h\u00e9berger des personnes queer (LGBTQIA+) en difficult\u00e9 afin de les aider et accompagner dans une r\u00e9insertion de la vie sociale. <br \/>Pour cela, une participation dans la vie commune leur sera demand\u00e9e, que ce soit sur l\u2019aide m\u00e9nag\u00e8re, l\u2019entretien du potager, le soin des animaux, l\u2019administratif, la cuisine etc (au-x choix, selon les possibilit\u00e9s).<\/p>\n<p>Ce projet aura \u00e9galement besoin de collaborer avec des personnes aux diff\u00e9rentes comp\u00e9tences (liste non-exhaustive) : professionnel\u00b7les de la sant\u00e9 (mentale et physique), comportementalistes animaux, artistes, coiffeur\u00b7euses, travailleur\u00b7euses dans le b\u00e2timent, paysagistes etc\u2026 Toute comp\u00e9tence aidant au projet ainsi qu\u2019un int\u00e9r\u00eat personnel sont bienvenues. <br \/>Un tel projet a besoin de temps pour se construire mais surtout d\u2019\u00eatre port\u00e9 par un int\u00e9r\u00eat collectif. C\u2019est pour cela que je t\u2019invite, si tu es int\u00e9ress\u00e9\u00b7e, \u00e0 venir me suivre sur les r\u00e9seaux (Instagram, Facebook) ou m\u00eame me contacter afin de rester inform\u00e9\u00b7e et\/ou me communiquer tes id\u00e9es !<\/p>\t\t\t\t\t\t\t\t<\/div>\n\t\t\t\t<\/div>\n\t\t\t\t<\/div>\n\t\t\t\t<\/div>\n\t\t","protected":false},"excerpt":{"rendered":"<p>Votre coach Enchant\u00e9, je m\u2019appelle E\u00f4dez Patys, j\u2019utilise le masculin pour parler de moi et je change souvent de couleur de cheveux ! J\u2019aime les \u00eatres vivants, le chant, la danse, la com\u00e9die musicale, la peinture, les balades, les lacs, les \u00e9toiles et encore tout plein de choses qui existent. Je consid\u00e8re qu\u2019aider et accompagner [&hellip;]<\/p>\n","protected":false},"author":1,"featured_media":0,"parent":0,"menu_order":0,"comment_status":"closed","ping_status":"closed","template":"elementor_header_footer","meta":{"ocean_post_layout":"","ocean_both_sidebars_style":"","ocean_both_sidebars_content_width":0,"ocean_both_sidebars_sidebars_width":0,"ocean_sidebar":"","ocean_second_sidebar":"","ocean_disable_margins":"enable","ocean_add_body_class":"","ocean_shortcode_before_top_bar":"","ocean_shortcode_after_top_bar":"","ocean_shortcode_before_header":"","ocean_shortcode_after_header":"","ocean_has_shortcode":"","ocean_shortcode_after_title":"","ocean_shortcode_before_footer_widgets":"","ocean_shortcode_after_footer_widgets":"","ocean_shortcode_before_footer_bottom":"","ocean_shortcode_after_footer_bottom":"","ocean_display_top_bar":"default","ocean_display_header":"default","ocean_header_style":"","ocean_center_header_left_menu":"","ocean_custom_header_template":"","ocean_custom_logo":0,"ocean_custom_retina_logo":0,"ocean_custom_logo_max_width":0,"ocean_custom_logo_tablet_max_width":0,"ocean_custom_logo_mobile_max_width":0,"ocean_custom_logo_max_height":0,"ocean_custom_logo_tablet_max_height":0,"ocean_custom_logo_mobile_max_height":0,"ocean_header_custom_menu":"","ocean_menu_typo_font_family":"","ocean_menu_typo_font_subset":"","ocean_menu_typo_font_size":0,"ocean_menu_typo_font_size_tablet":0,"ocean_menu_typo_font_size_mobile":0,"ocean_menu_typo_font_size_unit":"px","ocean_menu_typo_font_weight":"","ocean_menu_typo_font_weight_tablet":"","ocean_menu_typo_font_weight_mobile":"","ocean_menu_typo_transform":"","ocean_menu_typo_transform_tablet":"","ocean_menu_typo_transform_mobile":"","ocean_menu_typo_line_height":0,"ocean_menu_typo_line_height_tablet":0,"ocean_menu_typo_line_height_mobile":0,"ocean_menu_typo_line_height_unit":"","ocean_menu_typo_spacing":0,"ocean_menu_typo_spacing_tablet":0,"ocean_menu_typo_spacing_mobile":0,"ocean_menu_typo_spacing_unit":"","ocean_menu_link_color":"","ocean_menu_link_color_hover":"","ocean_menu_link_color_active":"","ocean_menu_link_background":"","ocean_menu_link_hover_background":"","ocean_menu_link_active_background":"","ocean_menu_social_links_bg":"","ocean_menu_social_hover_links_bg":"","ocean_menu_social_links_color":"","ocean_menu_social_hover_links_color":"","ocean_disable_title":"default","ocean_disable_heading":"default","ocean_post_title":"","ocean_post_subheading":"","ocean_post_title_style":"","ocean_post_title_background_color":"","ocean_post_title_background":0,"ocean_post_title_bg_image_position":"","ocean_post_title_bg_image_attachment":"","ocean_post_title_bg_image_repeat":"","ocean_post_title_bg_image_size":"","ocean_post_title_height":0,"ocean_post_title_bg_overlay":0.5,"ocean_post_title_bg_overlay_color":"","ocean_disable_breadcrumbs":"default","ocean_breadcrumbs_color":"","ocean_breadcrumbs_separator_color":"","ocean_breadcrumbs_links_color":"","ocean_breadcrumbs_links_hover_color":"","ocean_display_footer_widgets":"default","ocean_display_footer_bottom":"default","ocean_custom_footer_template":"","footnotes":""},"class_list":["post-13","page","type-page","status-publish","hentry","entry"],"_links":{"self":[{"href":"https:\/\/notre-force-coaching.fr\/index.php\/wp-json\/wp\/v2\/pages\/13","targetHints":{"allow":["GET"]}}],"collection":[{"href":"https:\/\/notre-force-coaching.fr\/index.php\/wp-json\/wp\/v2\/pages"}],"about":[{"href":"https:\/\/notre-force-coaching.fr\/index.php\/wp-json\/wp\/v2\/types\/page"}],"author":[{"embeddable":true,"href":"https:\/\/notre-force-coaching.fr\/index.php\/wp-json\/wp\/v2\/users\/1"}],"replies":[{"embeddable":true,"href":"https:\/\/notre-force-coaching.fr\/index.php\/wp-json\/wp\/v2\/comments?post=13"}],"version-history":[{"count":10,"href":"https:\/\/notre-force-coaching.fr\/index.php\/wp-json\/wp\/v2\/pages\/13\/revisions"}],"predecessor-version":[{"id":436,"href":"https:\/\/notre-force-coaching.fr\/index.php\/wp-json\/wp\/v2\/pages\/13\/revisions\/436"}],"wp:attachment":[{"href":"https:\/\/notre-force-coaching.fr\/index.php\/wp-json\/wp\/v2\/media?parent=13"}],"curies":[{"name":"wp","href":"https:\/\/api.w.org\/{rel}","templated":true}]}}